{"id":1514,"date":"2023-05-24T21:12:01","date_gmt":"2023-05-24T21:12:01","guid":{"rendered":"https:\/\/seaside-apartments.hr\/demo\/uvjeti-koristenja\/"},"modified":"2023-05-24T21:12:02","modified_gmt":"2023-05-24T21:12:02","slug":"uvjeti-koristenja","status":"publish","type":"page","link":"https:\/\/seaside-apartments.hr\/hr\/uvjeti-koristenja\/","title":{"rendered":"Uvjeti kori\u0161tenja"},"content":{"rendered":"\t\t<div data-elementor-type=\"wp-page\" data-elementor-id=\"1514\" class=\"elementor elementor-1514 elementor-431\">\n\t\t\t\t\t\t\t\t\t<section class=\"elementor-section elementor-top-section elementor-element elementor-element-639b8553 elementor-section-boxed elementor-section-height-default elementor-section-height-default\" data-id=\"639b8553\" data-element_type=\"section\">\n\t\t\t\t\t\t<div class=\"elementor-container elementor-column-gap-default\">\n\t\t\t\t\t<div class=\"elementor-column elementor-col-100 elementor-top-column elementor-element elementor-element-68de774b\" data-id=\"68de774b\" data-element_type=\"column\">\n\t\t\t<div class=\"elementor-widget-wrap elementor-element-populated\">\n\t\t\t\t\t\t\t\t<div class=\"elementor-element elementor-element-3a38977e elementor-widget elementor-widget-text-editor\" data-id=\"3a38977e\" data-element_type=\"widget\" data-widget_type=\"text-editor.default\">\n\t\t\t\t<div class=\"elementor-widget-container\">\n\t\t\t<style>\/*! elementor - v3.12.1 - 02-04-2023 *\/\n.elementor-widget-text-editor.elementor-drop-cap-view-stacked .elementor-drop-cap{background-color:#69727d;color:#fff}.elementor-widget-text-editor.elementor-drop-cap-view-framed .elementor-drop-cap{color:#69727d;border:3px solid;background-color:transparent}.elementor-widget-text-editor:not(.elementor-drop-cap-view-default) .elementor-drop-cap{margin-top:8px}.elementor-widget-text-editor:not(.elementor-drop-cap-view-default) .elementor-drop-cap-letter{width:1em;height:1em}.elementor-widget-text-editor .elementor-drop-cap{float:left;text-align:center;line-height:1;font-size:50px}.elementor-widget-text-editor .elementor-drop-cap-letter{display:inline-block}<\/style>\t\t\t\t<h2>UVJETI KORI\u0160TENJA<\/h2>\n<p>Boravak djece mla\u0111e od 3 godine u osnovnom krevetu ne napla\u0107uje se. Boravi\u0161na pristojba uklju\u010dena je u cijenu. Iznos boravi\u0161ne pristojbe po osobi: 7 kn odrasle osobe, djeca od 12-18 godina imaju 50% popusta, djeca do 12 godina ne pla\u0107aju bp. Iznajmljiva\u010d podlije\u017ee pla\u0107anju PDV-a prema odredbama \u010dl. 90 st. 2 Zakona o PDV-u od 13%.<\/p>\n<p>Apartman \u0107e biti na raspolaganju od 14:00 sati na dan dolaska, te do 11:00 sati na dan odlaska. Izvan navedenog vremena, ukoliko je potrebno, prtljagu mo\u017eete ostaviti kod nas na sigurnom, pa vas molimo da nas o istom na vrijeme obavijestite.<\/p>\n<p>Na\u010din pla\u0107anja: odmah po dolasku u apartman, u suprotnom doma\u0107in \u0107e zadr\u017eati osobni dokument gosta ( osobna iskaznica, putovnica ) do kona\u010dne isplate. Izgubljeni klju\u010d napla\u0107uje se u iznosu od 750,00 kn \/ 100\u20ac.<\/p>\n<p>U cijenu najma uklju\u010deno je kori\u0161tenje interneta, grijanja, klima ure\u0111aja, el.energije , opreme i aparata, ru\u010dnici, posteljina, sapun, sredstvo za pranje posu\u0111a i rublja. U cijenu je tako\u0111er uklju\u010deno zavr\u0161no \u010di\u0161\u0107enje, ipak molimo Vas da apartman ostavite \u010dist i uredan, kakvog ste ga i zatekli.<\/p>\n<p>Zbog va\u0161e sigurnosti, apartman ima protuprovalna vrata, a novac i dragocjenosti mo\u017eete pohraniti u sefu. Ipak, gosti su du\u017eni sami brinuti o sigurnosti stvari i dragocjenosti ostavljenih u apartmanu i doma\u0107in ne odgovara za nestanak istih. Ulazna vrata apartmana zaklju\u010davajte kada ste unutra, a kada izlazite obavezno zaklju\u010davajte vrata i prozore, ugasite klima ure\u0111aj ili grijanje, isklju\u010dite rasvjetu i sve elektri\u010dne ure\u0111aje. Vlasnik objekta ima pravo u odsutnosti gosta, u osobitim okolnostima, ulaziti u apartman radi spre\u010davanja mogu\u0107e \u0161tete ili opasnosti. O svom ulasku u apartman vlasnik objekta du\u017ean je obavijestiti gosta u prvom slijede\u0107em kontaktu. Zabranjeno je uni\u0161tavanje opreme i namje\u0161taja, izazivanje nereda i ometanje drugih gostiju i stanara, a osobito stvaranje buke u vremenu od 14:00 do 16:00 sati, te od 23:00 \u2013 07:00 sati.<\/p>\n<p>U apartmanu je dozvoljen boravak isklju\u010divo onih gostiju koji su prijavljeni u dolasku. Boravak ku\u0107nih ljubimaca je dozvoljen. Pu\u0161enje u apartmanu ( dozvoljeno na balkonu ) organiziranje zabava i boravak vi\u0161e osoba od onog \u0161to je dogovoreno smatrat \u0107e se povredom uvjeta najma.<\/p>\n<p>Iz apartmana je zabranjeno izno\u0161enje opreme i ure\u0111aja. Ukoliko do\u0111e do nestanka opreme u apartmanu ili o\u0161te\u0107enja opreme, instalacija, namje\u0161taja, ure\u0111aja, gost je o tome du\u017ean hitno obavijestiti doma\u0107ina. Ukoliko je do nestanka ili o\u0161te\u0107enja do\u0161lo krivnjom gosta, gost je du\u017ean nadoknaditi odgovaraju\u0107u protuvrijednost na licu mjesta. Apartman se ne smije koristiti za djelatnosti protivne Hrvatskim zakonima. U slu\u010daju nepridr\u017eavanja ku\u0107nog reda, doma\u0107in ima pravo otkazati gostu daljnje pru\u017eanje usluga.<\/p>\n<p>Doma\u0107in se obavezuje \u010duvati Va\u0161u privatnost, te tre\u0107im osobama ne\u0107e davati podatke o Va\u0161em boravku u apartmanu. Ipak, zbog zakonske obaveze prijavljivanja gostiju Turisti\u010dkoj zajednici Grada Splita, pla\u0107anja boravi\u0161ne pristojbe, te obaveze prijavljivanja Va\u0161eg boravka policiji ako ste stranac izvan EU radi zakonskog reguliranja Va\u0161eg boravka u Republici Hrvatskoj, molimo Vas da Va\u0161u osobnu iskaznicu ili putovnicu predate doma\u0107inu odmah po dolasku radi prijave Turisti\u010dkom uredu.<\/p>\n<p>Nastojimo da budete zadovoljni svojim boravkom kod nas. Svoje primjedbe, \u017eelje i pohvale mo\u017eete priop\u0107iti doma\u0107inu tijekom boravka, kako bismo mogli sustavno raditi na pobolj\u0161anju na\u0161ih usluga, na Va\u0161e i na\u0161e zadovoljstvo.<\/p>\n<p><strong>\u017delimo Vam ugodan boravak i zahvaljujemo \u0161to ste odabrali Seaside Apartmens d.o.o!<\/strong><\/p>\n\t\t\t\t\t\t<\/div>\n\t\t\t\t<\/div>\n\t\t\t\t\t<\/div>\n\t\t<\/div>\n\t\t\t\t\t\t\t<\/div>\n\t\t<\/section>\n\t\t\t\t\t\t\t<\/div>\n\t\t","protected":false},"excerpt":{"rendered":"<p>UVJETI KORI\u0160TENJA Boravak djece mla\u0111e od 3 godine u osnovnom krevetu ne napla\u0107uje se. Boravi\u0161na pristojba uklju\u010dena je u cijenu. Iznos boravi\u0161ne pristojbe po osobi: 7 kn odrasle osobe, djeca od 12-18 godina imaju 50% popusta, djeca do 12 godina ne pla\u0107aju bp. Iznajmljiva\u010d podlije\u017ee pla\u0107anju PDV-a prema odredbama \u010dl. 90 st. 2 Zakona o [&hellip;]<\/p>\n","protected":false},"author":1,"featured_media":0,"parent":0,"menu_order":0,"comment_status":"closed","ping_status":"closed","template":"template-boxed.php","meta":{"_joinchat":[],"footnotes":""},"class_list":["post-1514","page","type-page","status-publish","hentry"],"_links":{"self":[{"href":"https:\/\/seaside-apartments.hr\/hr\/wp-json\/wp\/v2\/pages\/1514","targetHints":{"allow":["GET"]}}],"collection":[{"href":"https:\/\/seaside-apartments.hr\/hr\/wp-json\/wp\/v2\/pages"}],"about":[{"href":"https:\/\/seaside-apartments.hr\/hr\/wp-json\/wp\/v2\/types\/page"}],"author":[{"embeddable":true,"href":"https:\/\/seaside-apartments.hr\/hr\/wp-json\/wp\/v2\/users\/1"}],"replies":[{"embeddable":true,"href":"https:\/\/seaside-apartments.hr\/hr\/wp-json\/wp\/v2\/comments?post=1514"}],"version-history":[{"count":1,"href":"https:\/\/seaside-apartments.hr\/hr\/wp-json\/wp\/v2\/pages\/1514\/revisions"}],"predecessor-version":[{"id":1515,"href":"https:\/\/seaside-apartments.hr\/hr\/wp-json\/wp\/v2\/pages\/1514\/revisions\/1515"}],"wp:attachment":[{"href":"https:\/\/seaside-apartments.hr\/hr\/wp-json\/wp\/v2\/media?parent=1514"}],"curies":[{"name":"wp","href":"https:\/\/api.w.org\/{rel}","templated":true}]}}