{"id":1516,"date":"2023-05-24T21:12:17","date_gmt":"2023-05-24T21:12:17","guid":{"rendered":"https:\/\/seaside-apartments.hr\/demo\/terms-amp-bedingungen\/"},"modified":"2023-05-24T21:12:18","modified_gmt":"2023-05-24T21:12:18","slug":"terms-amp-bedingungen","status":"publish","type":"page","link":"https:\/\/seaside-apartments.hr\/de\/terms-amp-bedingungen\/","title":{"rendered":"Terms &amp; amp; Bedingungen"},"content":{"rendered":"\t\t<div data-elementor-type=\"wp-page\" data-elementor-id=\"1516\" class=\"elementor elementor-1516 elementor-431\">\n\t\t\t\t\t\t\t\t\t<section class=\"elementor-section elementor-top-section elementor-element elementor-element-639b8553 elementor-section-boxed elementor-section-height-default elementor-section-height-default\" data-id=\"639b8553\" data-element_type=\"section\">\n\t\t\t\t\t\t<div class=\"elementor-container elementor-column-gap-default\">\n\t\t\t\t\t<div class=\"elementor-column elementor-col-100 elementor-top-column elementor-element elementor-element-68de774b\" data-id=\"68de774b\" data-element_type=\"column\">\n\t\t\t<div class=\"elementor-widget-wrap elementor-element-populated\">\n\t\t\t\t\t\t\t\t<div class=\"elementor-element elementor-element-3a38977e elementor-widget elementor-widget-text-editor\" data-id=\"3a38977e\" data-element_type=\"widget\" data-widget_type=\"text-editor.default\">\n\t\t\t\t<div class=\"elementor-widget-container\">\n\t\t\t<style>\/*! elementor - v3.12.1 - 02-04-2023 *\/\n.elementor-widget-text-editor.elementor-drop-cap-view-stacked .elementor-drop-cap{background-color:#69727d;color:#fff}.elementor-widget-text-editor.elementor-drop-cap-view-framed .elementor-drop-cap{color:#69727d;border:3px solid;background-color:transparent}.elementor-widget-text-editor:not(.elementor-drop-cap-view-default) .elementor-drop-cap{margin-top:8px}.elementor-widget-text-editor:not(.elementor-drop-cap-view-default) .elementor-drop-cap-letter{width:1em;height:1em}.elementor-widget-text-editor .elementor-drop-cap{float:left;text-align:center;line-height:1;font-size:50px}.elementor-widget-text-editor .elementor-drop-cap-letter{display:inline-block}<\/style>\t\t\t\t<h2>NUTZUNGSBEDINGUNGEN<\/h2>\n<p>F\u00fcr alle Kinder unter 3 Jahren ist der Aufenthalt im bereitgestellten Bett kostenfrei. Die Steuer ist im Preis inbegriffen. Die H\u00f6he der Steuer pro Person betr\u00e4gt 7 kn f\u00fcr Erwachsene, Kinder im Alter von 12 bis 18 Jahren erhalten 50 % Erm\u00e4\u00dfigung, Kinder unter 12 Jahren zahlen keine Mehrwertsteuer. Der Eigent\u00fcmer der Immobilie unterliegt der Mehrwertsteuerzahlung gem\u00e4\u00df den Bestimmungen von Art. 90 Abs. 2 des Gesetzes \u00fcber die Mehrwertsteuer mit einem Wert von 13 %.<\/p>\n<p>Das Apartment steht Ihnen am Anreisetag ab 14:00 Uhr und am Abreisetag bis 11:00 Uhr zur Verf\u00fcgung. Au\u00dferhalb dieser Zeit kann das Gep\u00e4ck bei Bedarf sicher bei uns gelassen werden. Bitte kontaktieren Sie uns diesbez\u00fcglich und informieren Sie uns gegebenenfalls rechtzeitig.<\/p>\n<p>Zahlungsmodalit\u00e4ten: sofort nach der Ankunft, andernfalls bewahrt der Gastgeber die pers\u00f6nlichen Dokumente (Personalausweis, Reisepass) des Gastes bis zur endg\u00fcltigen Zahlung auf. F\u00fcr den Verlust des Schl\u00fcssels wird ein Betrag von 750,00 kn \/ 100 \u20ac berechnet.<\/p>\n<p>Der Mietpreis beinhaltet die Nutzung des Internets, Heizung, Klimaanlage, Strom, Ausstattung und Ger\u00e4te, Handt\u00fccher, Bettw\u00e4sche, Seife, Sp\u00fclmittel und W\u00e4sche. Im Preis ist auch die Endreinigung enthalten. Bitte hinterlassen Sie die Wohnung dennoch sauber und ordentlich, so wie Sie sie vorgefunden haben.<\/p>\n<p>Zu Ihrer Sicherheit verf\u00fcgt die Wohnung \u00fcber eine Sicherheitst\u00fcr und im Safe k\u00f6nnen Geld und Wertgegenst\u00e4nde aufbewahrt werden. Allerdings m\u00fcssen die G\u00e4ste f\u00fcr die Sicherheit des in der Wohnung zur\u00fcckgelassenen pers\u00f6nlichen Eigentums und Wertsachen sorgen und der Gastgeber haftet nicht f\u00fcr den Verlust der genannten pers\u00f6nlichen Gegenst\u00e4nde. Bitte schlie\u00dfen Sie die Eingangst\u00fcr der Wohnung ab, wenn Sie drinnen sind und wenn Sie rausgehen, achten Sie darauf, T\u00fcren und Fenster zu verriegeln, Klimaanlage oder Heizung auszuschalten, das Licht und alle Elektroger\u00e4te auszuschalten. Der Eigent\u00fcmer beh\u00e4lt sich das Recht vor, bei Abwesenheit der G\u00e4ste unter besonderen Umst\u00e4nden die Wohnung zu betreten, um m\u00f6gliche Sch\u00e4den oder Gefahren abzuwenden. Der Eigent\u00fcmer ist verpflichtet, den Gast bei der Unterkunft so bald wie m\u00f6glich \u00fcber den Eintritt in die Wohnung zu informieren. Zerst\u00f6rung von Ger\u00e4ten und Mobiliar, die zu Unordnung und Bel\u00e4stigung anderer G\u00e4ste und Bewohner f\u00fchrt, insbesondere die Entstehung von L\u00e4rm in der Zeit von 14:00 bis 16:00 Uhr und 23:00 Uhr. bis 07:00 Uhr ist strengstens untersagt.<\/p>\n<p>Der Aufenthalt im Apartment ist nur G\u00e4sten gestattet, die bei der Ankunft angemeldet wurden. Haustiere sind erlaubt. Das Rauchen in der Wohnung (auf dem Balkon erlaubt), die Organisation von Partys und der Aufenthalt von mehr Personen als vereinbart gelten als Versto\u00df gegen die Mietbedingungen.<\/p>\n<p>Das Entfernen von Ger\u00e4ten und Ger\u00e4ten aus der Wohnung ist untersagt. Kommt es in der Wohnung zu einem Stromausfall oder zu Sch\u00e4den an Einrichtungen, Installationen, M\u00f6beln, Ger\u00e4ten, ist der Gast verpflichtet, den Gastgeber unverz\u00fcglich zu benachrichtigen. Ist dies auf ein Verschulden des Gastes zur\u00fcckzuf\u00fchren, ist dieser verpflichtet, den entsprechenden Gegenwert an Ort und Stelle zu ersetzen. Die Wohnung darf nicht f\u00fcr Aktivit\u00e4ten genutzt werden, die gegen die kroatischen Gesetze versto\u00dfen. Bei Verst\u00f6\u00dfen gegen die Hausordnung hat der Gastgeber das Recht, die weitere Leistungserbringung zu verweigern.<\/p>\n<p>Der Gastgeber ist verpflichtet, Ihre Privatsph\u00e4re zu wahren und Dritte werden keine Informationen \u00fcber Ihren Aufenthalt in der Wohnung weitergeben. Aufgrund der gesetzlichen Verpflichtung, den Aufenthalt der G\u00e4ste dem Tourismusverband der Stadt Split zu melden, m\u00fcssen Sie jedoch die Steuern zahlen und Ihren Aufenthalt bei der Polizei melden, wenn Sie ein Ausl\u00e4nder von au\u00dferhalb der EU sind, um dies rechtm\u00e4\u00dfig zu tun Um Ihren Aufenthalt in Kroatien zu regeln, ist es notwendig, dem Gastgeber sofort nach Ihrer Ankunft Ihren Personalausweis oder Reisepass vorzulegen, um sich im Tourismusb\u00fcro anzumelden.<\/p>\n<p>Wir geben unser Bestes, um Sie w\u00e4hrend Ihres Aufenthalts bei uns zufrieden zu stellen. Sie k\u00f6nnen Ihre Kommentare, Vorschl\u00e4ge und Komplimente w\u00e4hrend Ihres Aufenthalts an den Gastgeber richten, damit wir systematisch daran arbeiten k\u00f6nnen, unsere Dienstleistungen zu Ihrer und unserer Zufriedenheit zu verbessern.<\/p>\n<p><strong>Wir w\u00fcnschen Ihnen einen angenehmen Aufenthalt und danken Ihnen, dass Sie sich f\u00fcr Seaside Apartment d.o.o.r entschieden haben!<\/strong><\/p>\n\t\t\t\t\t\t<\/div>\n\t\t\t\t<\/div>\n\t\t\t\t\t<\/div>\n\t\t<\/div>\n\t\t\t\t\t\t\t<\/div>\n\t\t<\/section>\n\t\t\t\t\t\t\t<\/div>\n\t\t","protected":false},"excerpt":{"rendered":"<p>NUTZUNGSBEDINGUNGEN F\u00fcr alle Kinder unter 3 Jahren ist der Aufenthalt im bereitgestellten Bett kostenfrei. Die Steuer ist im Preis inbegriffen. Die H\u00f6he der Steuer pro Person betr\u00e4gt 7 kn f\u00fcr Erwachsene, Kinder im Alter von 12 bis 18 Jahren erhalten 50 % Erm\u00e4\u00dfigung, Kinder unter 12 Jahren zahlen keine Mehrwertsteuer. Der Eigent\u00fcmer der Immobilie unterliegt [&hellip;]<\/p>\n","protected":false},"author":1,"featured_media":0,"parent":0,"menu_order":0,"comment_status":"closed","ping_status":"closed","template":"template-boxed.php","meta":{"_joinchat":[],"footnotes":""},"class_list":["post-1516","page","type-page","status-publish","hentry"],"_links":{"self":[{"href":"https:\/\/seaside-apartments.hr\/de\/wp-json\/wp\/v2\/pages\/1516","targetHints":{"allow":["GET"]}}],"collection":[{"href":"https:\/\/seaside-apartments.hr\/de\/wp-json\/wp\/v2\/pages"}],"about":[{"href":"https:\/\/seaside-apartments.hr\/de\/wp-json\/wp\/v2\/types\/page"}],"author":[{"embeddable":true,"href":"https:\/\/seaside-apartments.hr\/de\/wp-json\/wp\/v2\/users\/1"}],"replies":[{"embeddable":true,"href":"https:\/\/seaside-apartments.hr\/de\/wp-json\/wp\/v2\/comments?post=1516"}],"version-history":[{"count":1,"href":"https:\/\/seaside-apartments.hr\/de\/wp-json\/wp\/v2\/pages\/1516\/revisions"}],"predecessor-version":[{"id":1517,"href":"https:\/\/seaside-apartments.hr\/de\/wp-json\/wp\/v2\/pages\/1516\/revisions\/1517"}],"wp:attachment":[{"href":"https:\/\/seaside-apartments.hr\/de\/wp-json\/wp\/v2\/media?parent=1516"}],"curies":[{"name":"wp","href":"https:\/\/api.w.org\/{rel}","templated":true}]}}